{"id":72,"date":"2022-02-14T15:57:12","date_gmt":"2022-02-14T20:57:12","guid":{"rendered":"https:\/\/www.finesec.org\/es\/?page_id=72"},"modified":"2025-10-19T18:53:24","modified_gmt":"2025-10-19T23:53:24","slug":"plan-padrinos","status":"publish","type":"page","link":"https:\/\/www.finesec.org\/es\/plan-padrinos\/","title":{"rendered":"Plan Padrinos"},"content":{"rendered":"<p>[et_pb_section fb_built=\u00bb1&#8243; fullwidth=\u00bbon\u00bb _builder_version=\u00bb3.0.101&#8243;][et_pb_fullwidth_header title=\u00bbApadrina un sue\u00f1o, transforma una vida\u00bb background_layout=\u00bbdark\u00bb header_fullscreen=\u00bbon\u00bb _builder_version=\u00bb3.0.101&#8243; title_font=\u00bb||||||||\u00bb title_font_size=\u00bb36px\u00bb title_text_shadow_style=\u00bbpreset4&#8243; background_image=\u00bbhttps:\/\/www.finesec.org\/es\/wp-content\/uploads\/2025\/10\/hands-2847508_1920-1.jpg\u00bb parallax=\u00bbon\u00bb text_shadow_style=\u00bbpreset4&#8243; content_orientation=\u00bbbottom\u00bb][\/et_pb_fullwidth_header][\/et_pb_section][et_pb_section fb_built=\u00bb1&#8243; _builder_version=\u00bb3.0.101&#8243; custom_padding=\u00bb54px|0px|10px|0px\u00bb][et_pb_row _builder_version=\u00bb3.0.101&#8243;][et_pb_column type=\u00bb4_4&#8243; _builder_version=\u00bb3.0.101&#8243; parallax=\u00bboff\u00bb parallax_method=\u00bbon\u00bb][et_pb_text _builder_version=\u00bb3.0.101&#8243;]<\/p>\n<p style=\"text-align: justify;\">El Plan de Padrinazgo de FINESEC es un sistema mediante el cual los \u201cPadrinos\u201d nos acompa\u00f1an con un aporte econ\u00f3mico mensual, trimestral, anual para brindarle la posibilidad de autonom\u00eda y calidad de vida.<\/p>\n<p style=\"text-align: right;\">\u00a0<strong>Hagamos realidad un mundo para todos!<\/strong><\/p>\n<p>[\/et_pb_text][\/et_pb_column][\/et_pb_row][\/et_pb_section][et_pb_section fb_built=\u00bb1&#8243; background_color=\u00bbrgba(12,113,195,0.76)\u00bb _builder_version=\u00bb3.0.101&#8243; custom_padding=\u00bb54px|0px|25px|0px\u00bb][et_pb_row _builder_version=\u00bb3.0.101&#8243;][et_pb_column type=\u00bb4_4&#8243; _builder_version=\u00bb3.0.101&#8243; parallax=\u00bboff\u00bb parallax_method=\u00bbon\u00bb][et_pb_text _builder_version=\u00bb3.0.101&#8243;]<\/p>\n<h4 style=\"text-align: justify;\"><span style=\"color: #ffffff;\">\u00bfQuieres dibujar el futuro de personas con Discapacidad Intelectual? Apoya a su desarrollo integral haciendo una donaci\u00f3n.<\/span><\/h4>\n<p><span style=\"color: #ffffff;\">\u00a0<\/span><\/p>\n<p><span style=\"color: #ffffff;\">\u00a0<\/span><\/p>\n<h1 style=\"text-align: center;\"><span style=\"color: #ffffff;\"><strong>UNETE Y HAZ LA DIFERENCIA<\/strong><\/span><\/h1>\n<p>[\/et_pb_text][\/et_pb_column][\/et_pb_row][\/et_pb_section][et_pb_section fb_built=\u00bb1&#8243; _builder_version=\u00bb3.0.101&#8243;][et_pb_row _builder_version=\u00bb3.0.101&#8243;][et_pb_column type=\u00bb2_3&#8243; _builder_version=\u00bb3.0.101&#8243; parallax=\u00bboff\u00bb parallax_method=\u00bbon\u00bb][et_pb_text _builder_version=\u00bb3.0.101&#8243;]<\/p>\n<p style=\"text-align: justify;\">Su donativo mensual ofrece a un joven con discapacidad:<\/p>\n<ol>\n<li>Un lugar seguro para trabajar su autonom\u00eda y vida independiente. Un equipo sensible y capacitado. Un camino para lograr calidad de vida<\/li>\n<li>Ocupaci\u00f3n del tiempo libre: desarrollo psicof\u00edsico a trav\u00e9s de talleres de juegos, arte y pr\u00e1cticas deportivas.<\/li>\n<li>Seguimiento social: red de contenci\u00f3n, entrevistas personales, visitas domiciliarias y talleres de fortalecimiento familiar.<\/li>\n<\/ol>\n<p style=\"text-align: justify;\">\n<p style=\"text-align: justify;\">Usted est\u00e1 ayudando a romper el c\u00edrculo vicioso de la <strong>EXCLUSION<\/strong> y apoyar la construcci\u00f3n de una <strong>SOCIEDAD INCLUSIVA.<\/strong><\/p>\n<p>[\/et_pb_text][\/et_pb_column][et_pb_column type=\u00bb1_3&#8243; _builder_version=\u00bb3.0.101&#8243; parallax=\u00bboff\u00bb parallax_method=\u00bbon\u00bb][et_pb_text _builder_version=\u00bb3.0.101&#8243;]<\/p>\n<p style=\"text-align: center;\"><img loading=\"lazy\" decoding=\"async\" src=\"https:\/\/www.finesec.org\/es\/wp-content\/uploads\/2022\/03\/WhatsApp-Image-2022-03-11-at-09.18.32.jpeg\" alt=\"\" class=\"wp-image-456 alignnone size-full\" width=\"1200\" height=\"1034\" srcset=\"https:\/\/www.finesec.org\/es\/wp-content\/uploads\/2022\/03\/WhatsApp-Image-2022-03-11-at-09.18.32.jpeg 1200w, https:\/\/www.finesec.org\/es\/wp-content\/uploads\/2022\/03\/WhatsApp-Image-2022-03-11-at-09.18.32-300x259.jpeg 300w, https:\/\/www.finesec.org\/es\/wp-content\/uploads\/2022\/03\/WhatsApp-Image-2022-03-11-at-09.18.32-1024x882.jpeg 1024w, https:\/\/www.finesec.org\/es\/wp-content\/uploads\/2022\/03\/WhatsApp-Image-2022-03-11-at-09.18.32-768x662.jpeg 768w, https:\/\/www.finesec.org\/es\/wp-content\/uploads\/2022\/03\/WhatsApp-Image-2022-03-11-at-09.18.32-1080x931.jpeg 1080w\" sizes=\"auto, (max-width: 1200px) 100vw, 1200px\" \/><\/p>\n<p>[\/et_pb_text][\/et_pb_column][\/et_pb_row][\/et_pb_section][et_pb_section fb_built=\u00bb1&#8243; fullwidth=\u00bbon\u00bb _builder_version=\u00bb3.0.101&#8243; custom_padding=\u00bb0px|0px|0px|0px\u00bb][et_pb_fullwidth_header background_layout=\u00bbdark\u00bb _builder_version=\u00bb3.0.101&#8243; content_font=\u00bb||||||||\u00bb content_font_size=\u00bb16px\u00bb background_image=\u00bbhttps:\/\/www.finesec.org\/es\/wp-content\/uploads\/2025\/10\/fathers-day-2135265_1920-1.jpg\u00bb parallax=\u00bbon\u00bb]<\/p>\n<p>\u00a0<\/p>\n<p>\u00a0<\/p>\n<p>\u00a0<\/p>\n<p>\u00a0<\/p>\n<p>\u00a0<\/p>\n<p>\u00a0<\/p>\n<p>\u00a0<\/p>\n<p>\u00a0<\/p>\n<p>\u00a0<\/p>\n<p>\u00a0<\/p>\n<p>\u00a0<\/p>\n<p>\u00a0<\/p>\n<p>\u00a0<\/p>\n<p>\u00a0<\/p>\n<p>[\/et_pb_fullwidth_header][\/et_pb_section][et_pb_section fb_built=\u00bb1&#8243; _builder_version=\u00bb3.0.101&#8243; custom_padding=\u00bb67px|0px|54px|0px\u00bb][et_pb_row _builder_version=\u00bb3.0.101&#8243;][et_pb_column type=\u00bb4_4&#8243; _builder_version=\u00bb3.0.101&#8243; parallax=\u00bboff\u00bb parallax_method=\u00bbon\u00bb][et_pb_text _builder_version=\u00bb3.0.101&#8243;]<\/p>\n<h1 style=\"text-align: center;\"><span style=\"color: #8300e9;\"><strong>PLAN PADRINOS FINESEC<\/strong><\/span><\/h1>\n<p style=\"text-align: center;\"><span style=\"color: #4693d1;\">Apadrina un sue\u00f1o, transforma una vida<\/span><\/p>\n<p>[\/et_pb_text][\/et_pb_column][\/et_pb_row][et_pb_row _builder_version=\u00bb3.0.101&#8243;][et_pb_column type=\u00bb4_4&#8243; _builder_version=\u00bb3.0.101&#8243; parallax=\u00bboff\u00bb parallax_method=\u00bbon\u00bb][et_pb_image src=\u00bbhttps:\/\/www.finesec.org\/es\/wp-content\/uploads\/2025\/10\/pla1-1.png\u00bb _builder_version=\u00bb3.0.101&#8243;][\/et_pb_image][\/et_pb_column][\/et_pb_row][et_pb_row custom_padding=\u00bb24px|0px|0px|0px\u00bb _builder_version=\u00bb3.0.101&#8243;][et_pb_column type=\u00bb4_4&#8243; _builder_version=\u00bb3.0.101&#8243; parallax=\u00bboff\u00bb parallax_method=\u00bbon\u00bb][et_pb_accordion open_toggle_text_color=\u00bb#4693D1&#8243; closed_toggle_text_color=\u00bb#ffffff\u00bb closed_toggle_background_color=\u00bb#4693D1&#8243; icon_color=\u00bb#ffffff\u00bb _builder_version=\u00bb3.0.101&#8243; body_font=\u00bb||||||||\u00bb body_font_size=\u00bb13px\u00bb body_text_color=\u00bb#000000&#8243; toggle_level=\u00bbh4&#8243; toggle_font=\u00bb|700|||||||\u00bb border_color_all=\u00bb#000000&#8243; text_orientation=\u00bbjustified\u00bb animation_style=\u00bbfade\u00bb][et_pb_accordion_item title=\u00bb\u00bfPor qu\u00e9 nace el Plan Padrinos FINESEC?\u00bb _builder_version=\u00bb3.0.101&#8243; title_text_shadow_horizontal_length=\u00bb0em\u00bb title_text_shadow_vertical_length=\u00bb0em\u00bb title_text_shadow_blur_strength=\u00bb0em\u00bb body_text_shadow_horizontal_length=\u00bb0em\u00bb body_text_shadow_vertical_length=\u00bb0em\u00bb body_text_shadow_blur_strength=\u00bb0em\u00bb open=\u00bbon\u00bb]<\/p>\n<p>En FINESEC creemos que <strong>toda persona con discapacidad intelectual tiene derecho a desarrollarse plenamente<\/strong>, a sentirse valorada, \u00fatil y parte de la comunidad.<\/p>\n<p>Sin embargo, muchos de nuestros j\u00f3venes enfrentan <strong>barreras econ\u00f3micas, sociales y familiares<\/strong> que limitan su acceso a oportunidades de aprendizaje, empleo y vida independiente.<\/p>\n<p>El <strong>Plan Padrinos FINESEC<\/strong> nace para <strong>conectar corazones solidarios con historias de vida reales<\/strong>, creando un puente entre quienes pueden apoyar y quienes sue\u00f1an con seguir creciendo.<\/p>\n<p style=\"text-align: center;\"><img loading=\"lazy\" decoding=\"async\" src=\"https:\/\/www.finesec.org\/es\/wp-content\/uploads\/2025\/10\/WhatsApp-Image-2025-10-19-at-18.52.29.jpeg\" width=\"1280\" height=\"960\" alt=\"\" class=\"wp-image-1362 alignnone size-full\" srcset=\"https:\/\/www.finesec.org\/es\/wp-content\/uploads\/2025\/10\/WhatsApp-Image-2025-10-19-at-18.52.29.jpeg 1280w, https:\/\/www.finesec.org\/es\/wp-content\/uploads\/2025\/10\/WhatsApp-Image-2025-10-19-at-18.52.29-300x225.jpeg 300w, https:\/\/www.finesec.org\/es\/wp-content\/uploads\/2025\/10\/WhatsApp-Image-2025-10-19-at-18.52.29-1024x768.jpeg 1024w, https:\/\/www.finesec.org\/es\/wp-content\/uploads\/2025\/10\/WhatsApp-Image-2025-10-19-at-18.52.29-768x576.jpeg 768w, https:\/\/www.finesec.org\/es\/wp-content\/uploads\/2025\/10\/WhatsApp-Image-2025-10-19-at-18.52.29-510x382.jpeg 510w, https:\/\/www.finesec.org\/es\/wp-content\/uploads\/2025\/10\/WhatsApp-Image-2025-10-19-at-18.52.29-1080x810.jpeg 1080w\" sizes=\"auto, (max-width: 1280px) 100vw, 1280px\" \/><\/p>\n<p>[\/et_pb_accordion_item][et_pb_accordion_item title=\u00bb\u00bfEn qu\u00e9 consiste el Plan Padrinos?\u00bb _builder_version=\u00bb3.0.101&#8243; title_text_shadow_horizontal_length=\u00bb0em\u00bb title_text_shadow_vertical_length=\u00bb0em\u00bb title_text_shadow_blur_strength=\u00bb0em\u00bb body_text_shadow_horizontal_length=\u00bb0em\u00bb body_text_shadow_vertical_length=\u00bb0em\u00bb body_text_shadow_blur_strength=\u00bb0em\u00bb open=\u00bboff\u00bb]<\/p>\n<p>El programa invita a personas, familias o empresas a <strong>convertirse en \u201cpadrinos\u201d o \u201cmadrinas\u201d<\/strong> de los j\u00f3venes que asisten al Centro Diurno FINESEC.<\/p>\n<p>Su apoyo econ\u00f3mico permite que <strong>60 j\u00f3venes con discapacidad intelectual<\/strong> puedan continuar participando en talleres de:<\/p>\n<p style=\"text-align: center;\"><img loading=\"lazy\" decoding=\"async\" src=\"https:\/\/www.finesec.org\/es\/wp-content\/uploads\/2025\/10\/2222-1.png\" width=\"979\" height=\"369\" alt=\"\" class=\"wp-image-1341 alignnone size-full\" srcset=\"https:\/\/www.finesec.org\/es\/wp-content\/uploads\/2025\/10\/2222-1.png 979w, https:\/\/www.finesec.org\/es\/wp-content\/uploads\/2025\/10\/2222-1-300x113.png 300w, https:\/\/www.finesec.org\/es\/wp-content\/uploads\/2025\/10\/2222-1-768x289.png 768w\" sizes=\"auto, (max-width: 979px) 100vw, 979px\" \/><\/p>\n<p>Cada padrino aporta no solo recursos, sino tambi\u00e9n <strong>esperanza, acompa\u00f1amiento y sentido de pertenencia.<\/strong><\/p>\n<p>[\/et_pb_accordion_item][et_pb_accordion_item title=\u00bb\u00bfQu\u00e9 recibe el padrino a cambio de su apoyo?\u00bb _builder_version=\u00bb3.0.101&#8243; title_text_shadow_horizontal_length=\u00bb0em\u00bb title_text_shadow_vertical_length=\u00bb0em\u00bb title_text_shadow_blur_strength=\u00bb0em\u00bb body_text_shadow_horizontal_length=\u00bb0em\u00bb body_text_shadow_vertical_length=\u00bb0em\u00bb body_text_shadow_blur_strength=\u00bb0em\u00bb open=\u00bboff\u00bb]<\/p>\n<p>El Plan Padrinos FINESEC est\u00e1 basado en <strong>transparencia, cercan\u00eda y gratitud.<\/strong><\/p>\n<p>Cada padrino recibir\u00e1:<\/p>\n<p>\u00a0<\/p>\n<p style=\"text-align: center;\"><img loading=\"lazy\" decoding=\"async\" src=\"https:\/\/www.finesec.org\/es\/wp-content\/uploads\/2025\/10\/a1.jpg\" width=\"526\" height=\"125\" alt=\"\" class=\"wp-image-1344 alignnone size-full\" srcset=\"https:\/\/www.finesec.org\/es\/wp-content\/uploads\/2025\/10\/a1.jpg 526w, https:\/\/www.finesec.org\/es\/wp-content\/uploads\/2025\/10\/a1-300x71.jpg 300w\" sizes=\"auto, (max-width: 526px) 100vw, 526px\" \/> <img loading=\"lazy\" decoding=\"async\" src=\"https:\/\/www.finesec.org\/es\/wp-content\/uploads\/2025\/10\/a2.jpg\" width=\"526\" height=\"125\" alt=\"\" class=\"wp-image-1345 alignnone size-full\" srcset=\"https:\/\/www.finesec.org\/es\/wp-content\/uploads\/2025\/10\/a2.jpg 526w, https:\/\/www.finesec.org\/es\/wp-content\/uploads\/2025\/10\/a2-300x71.jpg 300w\" sizes=\"auto, (max-width: 526px) 100vw, 526px\" \/> <img loading=\"lazy\" decoding=\"async\" src=\"https:\/\/www.finesec.org\/es\/wp-content\/uploads\/2025\/10\/a3.jpg\" width=\"524\" height=\"153\" alt=\"\" class=\"wp-image-1346 alignnone size-full\" srcset=\"https:\/\/www.finesec.org\/es\/wp-content\/uploads\/2025\/10\/a3.jpg 524w, https:\/\/www.finesec.org\/es\/wp-content\/uploads\/2025\/10\/a3-300x88.jpg 300w\" sizes=\"auto, (max-width: 524px) 100vw, 524px\" \/> <img loading=\"lazy\" decoding=\"async\" src=\"https:\/\/www.finesec.org\/es\/wp-content\/uploads\/2025\/10\/a4.jpg\" width=\"524\" height=\"153\" alt=\"\" class=\"wp-image-1347 alignnone size-full\" srcset=\"https:\/\/www.finesec.org\/es\/wp-content\/uploads\/2025\/10\/a4.jpg 524w, https:\/\/www.finesec.org\/es\/wp-content\/uploads\/2025\/10\/a4-300x88.jpg 300w\" sizes=\"auto, (max-width: 524px) 100vw, 524px\" \/> <img loading=\"lazy\" decoding=\"async\" src=\"https:\/\/www.finesec.org\/es\/wp-content\/uploads\/2025\/10\/a5.jpg\" width=\"524\" height=\"153\" alt=\"\" class=\"wp-image-1348 alignnone size-full\" srcset=\"https:\/\/www.finesec.org\/es\/wp-content\/uploads\/2025\/10\/a5.jpg 524w, https:\/\/www.finesec.org\/es\/wp-content\/uploads\/2025\/10\/a5-300x88.jpg 300w\" sizes=\"auto, (max-width: 524px) 100vw, 524px\" \/><\/p>\n<p>[\/et_pb_accordion_item][et_pb_accordion_item title=\u00bbTestimonios que inspiran\u00bb _builder_version=\u00bb3.0.101&#8243; title_text_shadow_horizontal_length=\u00bb0em\u00bb title_text_shadow_vertical_length=\u00bb0em\u00bb title_text_shadow_blur_strength=\u00bb0em\u00bb body_text_shadow_horizontal_length=\u00bb0em\u00bb body_text_shadow_vertical_length=\u00bb0em\u00bb body_text_shadow_blur_strength=\u00bb0em\u00bb open=\u00bboff\u00bb]<\/p>\n<p style=\"text-align: center;\">\n<p style=\"text-align: center;\"><img loading=\"lazy\" decoding=\"async\" src=\"https:\/\/www.finesec.org\/es\/wp-content\/uploads\/2025\/10\/b1.jpg\" width=\"959\" height=\"225\" alt=\"\" class=\"wp-image-1351 alignnone size-full\" srcset=\"https:\/\/www.finesec.org\/es\/wp-content\/uploads\/2025\/10\/b1.jpg 959w, https:\/\/www.finesec.org\/es\/wp-content\/uploads\/2025\/10\/b1-300x70.jpg 300w, https:\/\/www.finesec.org\/es\/wp-content\/uploads\/2025\/10\/b1-768x180.jpg 768w\" sizes=\"auto, (max-width: 959px) 100vw, 959px\" \/><\/p>\n<p style=\"text-align: center;\">\n<p style=\"text-align: center;\">\n<p style=\"text-align: center;\">\n<p style=\"text-align: center;\">\n<p style=\"text-align: center;\"><img loading=\"lazy\" decoding=\"async\" src=\"https:\/\/www.finesec.org\/es\/wp-content\/uploads\/2025\/10\/b2.jpg\" width=\"959\" height=\"189\" alt=\"\" class=\"wp-image-1352 alignnone size-full\" srcset=\"https:\/\/www.finesec.org\/es\/wp-content\/uploads\/2025\/10\/b2.jpg 959w, https:\/\/www.finesec.org\/es\/wp-content\/uploads\/2025\/10\/b2-300x59.jpg 300w, https:\/\/www.finesec.org\/es\/wp-content\/uploads\/2025\/10\/b2-768x151.jpg 768w\" sizes=\"auto, (max-width: 959px) 100vw, 959px\" \/><\/p>\n<p>[\/et_pb_accordion_item][et_pb_accordion_item title=\u00bb\u00bfC\u00f3mo participar?\u00bb open=\u00bboff\u00bb _builder_version=\u00bb3.0.101&#8243; title_text_shadow_horizontal_length=\u00bb0em\u00bb title_text_shadow_vertical_length=\u00bb0em\u00bb title_text_shadow_blur_strength=\u00bb0em\u00bb body_text_shadow_horizontal_length=\u00bb0em\u00bb body_text_shadow_vertical_length=\u00bb0em\u00bb body_text_shadow_blur_strength=\u00bb0em\u00bb]<\/p>\n<p><img loading=\"lazy\" decoding=\"async\" src=\"https:\/\/www.finesec.org\/es\/wp-content\/uploads\/2025\/10\/555-1.jpg\" width=\"395\" height=\"238\" alt=\"\" class=\"wp-image-1353 alignnone size-full\" srcset=\"https:\/\/www.finesec.org\/es\/wp-content\/uploads\/2025\/10\/555-1.jpg 805w, https:\/\/www.finesec.org\/es\/wp-content\/uploads\/2025\/10\/555-1-300x181.jpg 300w, https:\/\/www.finesec.org\/es\/wp-content\/uploads\/2025\/10\/555-1-768x463.jpg 768w\" sizes=\"auto, (max-width: 395px) 100vw, 395px\" \/><\/p>\n<p>Tu contribuci\u00f3n ser\u00e1 administrada con <strong>transparencia y rendici\u00f3n de cuentas<\/strong>, garantizando que llegue <strong>directamente al beneficio del joven y sus programas.<\/strong><\/p>\n<p>[\/et_pb_accordion_item][\/et_pb_accordion][\/et_pb_column][\/et_pb_row][et_pb_row custom_padding=\u00bb0px|0px|24px|0px\u00bb _builder_version=\u00bb3.0.101&#8243;][et_pb_column type=\u00bb4_4&#8243; _builder_version=\u00bb3.0.101&#8243; parallax=\u00bboff\u00bb parallax_method=\u00bbon\u00bb][et_pb_text _builder_version=\u00bb3.0.101&#8243;]<\/p>\n<p>\u00a0<\/p>\n<p style=\"text-align: justify;\"><span style=\"color: #000000;\">Hoy tienes la oportunidad de <strong>transformar el futuro de 60 j\u00f3venes con discapacidad intelectual.\u00a0<\/strong>Tu gesto puede marcar la diferencia entre la exclusi\u00f3n y la posibilidad.<\/span><\/p>\n<h3 style=\"text-align: center;\"><\/h3>\n<p>[\/et_pb_text][\/et_pb_column][\/et_pb_row][et_pb_row background_color=\u00bb#8300E9&#8243; _builder_version=\u00bb3.0.101&#8243;][et_pb_column type=\u00bb4_4&#8243; _builder_version=\u00bb3.0.101&#8243; parallax=\u00bboff\u00bb parallax_method=\u00bbon\u00bb][et_pb_text _builder_version=\u00bb3.0.101&#8243;]<\/p>\n<h3 style=\"text-align: center;\"><span style=\"color: #ffffff;\"><strong>\u00a0 En FINESEC creemos que la inclusi\u00f3n comienza con una acci\u00f3n solidaria.\u00a0<\/strong><\/span><\/h3>\n<h3 style=\"text-align: center;\"><span style=\"color: #ffffff;\"><strong><\/strong><\/span><\/h3>\n<h3 style=\"text-align: center;\"><span style=\"color: #ffffff;\"><strong>\u00a1S\u00e9 parte del cambio! \u00danete al Plan Padrinos.<\/strong><\/span><\/h3>\n<p>[\/et_pb_text][\/et_pb_column][\/et_pb_row][\/et_pb_section][et_pb_section fb_built=\u00bb1&#8243; _builder_version=\u00bb3.0.101&#8243; bottom_divider_color=\u00bb#161616&#8243;][et_pb_row _builder_version=\u00bb3.0.101&#8243;][et_pb_column type=\u00bb4_4&#8243; _builder_version=\u00bb3.0.101&#8243; parallax=\u00bboff\u00bb parallax_method=\u00bbon\u00bb][et_pb_text _builder_version=\u00bb3.0.101&#8243;]<\/p>\n<p style=\"text-align: center;\"><iframe loading=\"lazy\" src=\"https:\/\/docs.google.com\/forms\/d\/e\/1FAIpQLSfb6YUTMjgOiXM6H2znbu_VqMT6_u1hvz6vkD23PMjIOFUI5Q\/viewform?embedded=true\" marginheight=\"0\" marginwidth=\"0\" width=\"640\" height=\"800\" frameborder=\"0\">Cargando\u2026<\/iframe><\/p>\n<p>[\/et_pb_text][\/et_pb_column][\/et_pb_row][\/et_pb_section][et_pb_section fb_built=\u00bb1&#8243; background_color=\u00bbrgba(255,255,255,0.6)\u00bb _builder_version=\u00bb3.0.101&#8243; custom_padding=\u00bb54px|0px|0px|0px\u00bb][et_pb_row _builder_version=\u00bb3.0.101&#8243;][et_pb_column type=\u00bb4_4&#8243; _builder_version=\u00bb3.0.101&#8243; parallax=\u00bboff\u00bb parallax_method=\u00bbon\u00bb][et_pb_text _builder_version=\u00bb3.0.101&#8243;]<\/p>\n<h3 style=\"text-align: center;\"><span style=\"color: #333333;\"><b>TRANSFERENCIA\u00a0 BANCARIA O\u00a0 DEP\u00d3SITO<\/b><\/span><\/h3>\n<h3 style=\"text-align: center;\"><span style=\"color: #333333;\"><b>BANCO PICHINCHA<\/b><\/span><\/h3>\n<h3 style=\"text-align: center;\"><span style=\"color: #333333;\"><b>CUENTA\u00a0 CORRIENTE\u00a0 3028192004\u00a0 \u00a0 \u00a0 FINESEC<\/b><\/span><\/h3>\n<h3 style=\"text-align: center;\"><span style=\"color: #333333;\"><b>RUC\u00a0 1791421949001<\/b><\/span><\/h3>\n<p>[\/et_pb_text][\/et_pb_column][\/et_pb_row][\/et_pb_section][et_pb_section fb_built=\u00bb1&#8243; _builder_version=\u00bb3.0.101&#8243; custom_padding=\u00bb140px|0px|110px|0px\u00bb bottom_divider_style=\u00bbcurve2&#8243; bottom_divider_color=\u00bb#49006d\u00bb][\/et_pb_section]<\/p>\n","protected":false},"excerpt":{"rendered":"<p>[et_pb_section fb_built=\u00bb1&#8243; fullwidth=\u00bbon\u00bb _builder_version=\u00bb3.0.101&#8243;][et_pb_fullwidth_header title=\u00bbApadrina un sue\u00f1o, transforma una vida\u00bb background_layout=\u00bbdark\u00bb header_fullscreen=\u00bbon\u00bb _builder_version=\u00bb3.0.101&#8243; title_font=\u00bb||||||||\u00bb title_font_size=\u00bb36px\u00bb title_text_shadow_style=\u00bbpreset4&#8243; background_image=\u00bbhttps:\/\/www.finesec.org\/es\/wp-content\/uploads\/2025\/10\/hands-2847508_1920-1.jpg\u00bb parallax=\u00bbon\u00bb text_shadow_style=\u00bbpreset4&#8243; content_orientation=\u00bbbottom\u00bb][\/et_pb_fullwidth_header][\/et_pb_section][et_pb_section fb_built=\u00bb1&#8243; _builder_version=\u00bb3.0.101&#8243; custom_padding=\u00bb54px|0px|10px|0px\u00bb][et_pb_row _builder_version=\u00bb3.0.101&#8243;][et_pb_column type=\u00bb4_4&#8243; _builder_version=\u00bb3.0.101&#8243; parallax=\u00bboff\u00bb parallax_method=\u00bbon\u00bb][et_pb_text _builder_version=\u00bb3.0.101&#8243;] El Plan de Padrinazgo de FINESEC es un sistema mediante el cual los \u201cPadrinos\u201d nos acompa\u00f1an con un aporte econ\u00f3mico mensual, trimestral, anual para brindarle la [&hellip;]<\/p>\n","protected":false},"author":1,"featured_media":0,"parent":0,"menu_order":0,"comment_status":"closed","ping_status":"closed","template":"","meta":{"footnotes":""},"class_list":["post-72","page","type-page","status-publish","hentry"],"_links":{"self":[{"href":"https:\/\/www.finesec.org\/es\/wp-json\/wp\/v2\/pages\/72","targetHints":{"allow":["GET"]}}],"collection":[{"href":"https:\/\/www.finesec.org\/es\/wp-json\/wp\/v2\/pages"}],"about":[{"href":"https:\/\/www.finesec.org\/es\/wp-json\/wp\/v2\/types\/page"}],"author":[{"embeddable":true,"href":"https:\/\/www.finesec.org\/es\/wp-json\/wp\/v2\/users\/1"}],"replies":[{"embeddable":true,"href":"https:\/\/www.finesec.org\/es\/wp-json\/wp\/v2\/comments?post=72"}],"version-history":[{"count":31,"href":"https:\/\/www.finesec.org\/es\/wp-json\/wp\/v2\/pages\/72\/revisions"}],"predecessor-version":[{"id":1363,"href":"https:\/\/www.finesec.org\/es\/wp-json\/wp\/v2\/pages\/72\/revisions\/1363"}],"wp:attachment":[{"href":"https:\/\/www.finesec.org\/es\/wp-json\/wp\/v2\/media?parent=72"}],"curies":[{"name":"wp","href":"https:\/\/api.w.org\/{rel}","templated":true}]}}