{"id":69,"date":"2022-02-14T15:57:11","date_gmt":"2022-02-14T20:57:11","guid":{"rendered":"https:\/\/www.finesec.org\/es\/?page_id=69"},"modified":"2024-07-09T09:53:24","modified_gmt":"2024-07-09T14:53:24","slug":"mision-vision","status":"publish","type":"page","link":"https:\/\/www.finesec.org\/es\/mision-vision\/","title":{"rendered":"Misi\u00f3n, Visi\u00f3n"},"content":{"rendered":"<p>[et_pb_section fb_built=\u00bb1&#8243; fullwidth=\u00bbon\u00bb _builder_version=\u00bb3.0.101&#8243; custom_padding=\u00bb0px|0px|2px|0px\u00bb][et_pb_fullwidth_header title=\u00bbMisi\u00f3n y Visi\u00f3n\u00bb background_layout=\u00bbdark\u00bb header_fullscreen=\u00bbon\u00bb content_orientation=\u00bbbottom\u00bb _builder_version=\u00bb3.0.101&#8243; title_font=\u00bb|800|||||||\u00bb title_text_align=\u00bbright\u00bb title_font_size=\u00bb54px\u00bb title_text_shadow_style=\u00bbpreset4&#8243; title_text_shadow_vertical_length=\u00bb-0.06em\u00bb background_image=\u00bbhttps:\/\/www.finesec.org\/es\/wp-content\/uploads\/2022\/03\/MISION.jpg\u00bb parallax=\u00bbon\u00bb animation_style=\u00bbzoom\u00bb text_shadow_style=\u00bbpreset4&#8243; text_shadow_color=\u00bbrgba(17,17,17,0.4)\u00bb][\/et_pb_fullwidth_header][\/et_pb_section][et_pb_section fb_built=\u00bb1&#8243; _builder_version=\u00bb3.0.101&#8243; custom_padding=\u00bb55px|0px|26px|0px\u00bb][et_pb_row _builder_version=\u00bb3.0.101&#8243;][et_pb_column type=\u00bb4_4&#8243; _builder_version=\u00bb3.0.101&#8243; parallax=\u00bboff\u00bb parallax_method=\u00bbon\u00bb][et_pb_blurb title=\u00bbNuestra organizaci\u00f3n\u00bb _builder_version=\u00bb3.0.101&#8243; header_level=\u00bbh1&#8243; header_font=\u00bb|800|||||||\u00bb header_text_color=\u00bb#e733ea\u00bb header_line_height=\u00bb1.2em\u00bb body_font=\u00bb||||||||\u00bb body_text_align=\u00bbleft\u00bb]FINESEC fue creada mediante Acuerdo Ministerial, el 13 de Enero de 1.998. Desde entonces nuestra Organizaci\u00f3n ha agrupado a profesionales, t\u00e9cnicos, padres de familia y voluntarios para cumplir su misi\u00f3n.[\/et_pb_blurb][\/et_pb_column][\/et_pb_row][\/et_pb_section][et_pb_section fb_built=\u00bb1&#8243; _builder_version=\u00bb3.0.101&#8243; custom_padding=\u00bb0px|0px|0px|0px\u00bb][et_pb_row custom_padding=\u00bb59px|0px|90px|0px\u00bb background_color=\u00bb#0c71c3&#8243; _builder_version=\u00bb3.0.101&#8243;][et_pb_column type=\u00bb1_3&#8243; _builder_version=\u00bb3.0.101&#8243; parallax=\u00bboff\u00bb parallax_method=\u00bbon\u00bb][et_pb_text background_layout=\u00bbdark\u00bb _builder_version=\u00bb3.0.101&#8243; text_font=\u00bb|700|||||||\u00bb text_font_size=\u00bb42px\u00bb text_text_color=\u00bb#0064640&#8243; text_orientation=\u00bbcenter\u00bb]<\/p>\n<p>MISI\u00d3N<\/p>\n<p>[\/et_pb_text][\/et_pb_column][et_pb_column type=\u00bb2_3&#8243; _builder_version=\u00bb3.0.101&#8243; parallax=\u00bboff\u00bb parallax_method=\u00bbon\u00bb][et_pb_text background_layout=\u00bbdark\u00bb _builder_version=\u00bb3.0.101&#8243; text_font=\u00bb||||||||\u00bb]<\/p>\n<p>La Fundaci\u00f3n FINESEC es una entidad sin \u00e1nimo de lucro, cuya misi\u00f3n es proporcionar los apoyos necesarios para que las personas con discapacidad intelectual y sus familias, disfruten de calidad de vida en condiciones de igualdad de oportunidades con el resto de la ciudadan\u00eda.<\/p>\n<p>[\/et_pb_text][\/et_pb_column][\/et_pb_row][\/et_pb_section][et_pb_section fb_built=\u00bb1&#8243; _builder_version=\u00bb3.0.101&#8243; custom_padding=\u00bb0px|0px|3px|0px\u00bb][et_pb_row custom_padding=\u00bb70px|0px|24px|0px\u00bb background_color=\u00bb#f229e1&#8243; _builder_version=\u00bb3.0.101&#8243;][et_pb_column type=\u00bb2_3&#8243; _builder_version=\u00bb3.0.101&#8243; parallax=\u00bboff\u00bb parallax_method=\u00bbon\u00bb][et_pb_text background_layout=\u00bbdark\u00bb _builder_version=\u00bb3.0.101&#8243; text_font=\u00bb||||||||\u00bb]<\/p>\n<p style=\"text-align: center;\">Somos una organizaci\u00f3n innovadora que mejora d\u00eda a d\u00eda y genera confianza en las personas con discapacidad con necesidades de apoyo intensas y generalizadas, en sus familias, en los profesionales y en la sociedad.<\/p>\n<p>\u00a0<\/p>\n<p>[\/et_pb_text][\/et_pb_column][et_pb_column type=\u00bb1_3&#8243; _builder_version=\u00bb3.0.101&#8243; parallax=\u00bboff\u00bb parallax_method=\u00bbon\u00bb][et_pb_text background_layout=\u00bbdark\u00bb _builder_version=\u00bb3.0.101&#8243; text_font=\u00bb|700|||||||\u00bb text_font_size=\u00bb47px\u00bb ul_font=\u00bb||||||||\u00bb ol_font=\u00bb||||||||\u00bb text_orientation=\u00bbcenter\u00bb]<\/p>\n<p>VISI\u00d3N<\/p>\n<p>[\/et_pb_text][\/et_pb_column][\/et_pb_row][et_pb_row _builder_version=\u00bb3.0.101&#8243;][et_pb_column type=\u00bb4_4&#8243; _builder_version=\u00bb3.0.101&#8243; parallax=\u00bboff\u00bb parallax_method=\u00bbon\u00bb][et_pb_text _builder_version=\u00bb3.0.101&#8243; text_font=\u00bb||||||||\u00bb text_font_size=\u00bb35px\u00bb text_text_color=\u00bb#f74c5a\u00bb]<\/p>\n<p style=\"text-align: center;\"><strong>PRINCIPIOS Y VALORES<\/strong><\/p>\n<p>[\/et_pb_text][\/et_pb_column][\/et_pb_row][\/et_pb_section][et_pb_section fb_built=\u00bb1&#8243; _builder_version=\u00bb3.0.101&#8243; custom_padding=\u00bb0px|0px|0px|0px\u00bb bottom_divider_color=\u00bb#161616&#8243;][et_pb_row custom_padding=\u00bb27px|0px|0px|0px\u00bb _builder_version=\u00bb3.0.101&#8243;][et_pb_column type=\u00bb4_4&#8243; _builder_version=\u00bb3.0.101&#8243; parallax=\u00bboff\u00bb parallax_method=\u00bbon\u00bb][et_pb_text _builder_version=\u00bb3.0.101&#8243;]<\/p>\n<ul>\n<li><strong>RESALTAR<\/strong> la dignidad humana y sus valores positivos sobre sus limitaciones, m\u00e1s all\u00e1 de toda circunstancia<\/li>\n<li style=\"text-align: justify;\"><strong>RESPETAR Y HACER RESPETAR LOS DERECHOS Y OBLIGACIONES ENUNCIADOS<\/strong> en la declaraci\u00f3n de los derechos de las personas con discapacidad, dentro del marco de la defensa de los derechos humanos.<\/li>\n<li style=\"text-align: justify;\"><strong>PROMOVER<\/strong> la formaci\u00f3n integral de la persona con discapacidad trav\u00e9s del desarrollo de todas sus habilidades adaptativas funcionales.<\/li>\n<li style=\"text-align: justify;\"><strong>PROPICIAR <\/strong>la participaci\u00f3n de la familia, quien compartir\u00e1 el compromiso\u00a0 de las acciones propuestas en el plan de intervenci\u00f3n de cada usuario<\/li>\n<li style=\"text-align: justify;\"><strong>PROMOVER <\/strong>y sostener estrategias de \u00a0participaci\u00f3n de personas con discapacidad en todos los ambientes sociales.<\/li>\n<li style=\"text-align: justify;\"><strong>TRABAJAR<\/strong> para afianzar creencias, valores y principios que\u00a0 alienten a las mismas personas con discapacidad a vivir en equidad.<\/li>\n<\/ul>\n<p>[\/et_pb_text][\/et_pb_column][\/et_pb_row][\/et_pb_section][et_pb_section fb_built=\u00bb1&#8243; _builder_version=\u00bb3.0.101&#8243; custom_padding=\u00bb54px|0px|0px|0px\u00bb][et_pb_row custom_padding=\u00bb27px|0px|0px|0px\u00bb _builder_version=\u00bb3.0.101&#8243;][et_pb_column type=\u00bb4_4&#8243; _builder_version=\u00bb3.0.101&#8243; parallax=\u00bboff\u00bb parallax_method=\u00bbon\u00bb][et_pb_text _builder_version=\u00bb3.0.101&#8243;]<\/p>\n<h1 style=\"text-align: center;\"><strong>Nuestra Infraestructura<\/strong><\/h1>\n<p>[\/et_pb_text][\/et_pb_column][\/et_pb_row][\/et_pb_section][et_pb_section fb_built=\u00bb1&#8243; _builder_version=\u00bb3.0.101&#8243;][et_pb_row _builder_version=\u00bb3.0.101&#8243;][et_pb_column type=\u00bb4_4&#8243; _builder_version=\u00bb3.0.101&#8243; parallax=\u00bboff\u00bb parallax_method=\u00bbon\u00bb][et_pb_gallery gallery_ids=\u00bb870,871,872,873,874,875,876&#8243; gallery_captions=\u00bb,,,,,,\u00bb fullwidth=\u00bbon\u00bb _builder_version=\u00bb3.0.101&#8243; animation_style=\u00bbfade\u00bb auto=\u00bbon\u00bb][\/et_pb_gallery][\/et_pb_column][\/et_pb_row][\/et_pb_section][et_pb_section fb_built=\u00bb1&#8243; _builder_version=\u00bb3.0.101&#8243;][\/et_pb_section][et_pb_section fb_built=\u00bb1&#8243; _builder_version=\u00bb3.0.101&#8243; bottom_divider_style=\u00bbcurve2&#8243; bottom_divider_color=\u00bb#49006d\u00bb][\/et_pb_section]<\/p>\n","protected":false},"excerpt":{"rendered":"<p>[et_pb_section fb_built=\u00bb1&#8243; fullwidth=\u00bbon\u00bb _builder_version=\u00bb3.0.101&#8243; custom_padding=\u00bb0px|0px|2px|0px\u00bb][et_pb_fullwidth_header title=\u00bbMisi\u00f3n y Visi\u00f3n\u00bb background_layout=\u00bbdark\u00bb header_fullscreen=\u00bbon\u00bb content_orientation=\u00bbbottom\u00bb _builder_version=\u00bb3.0.101&#8243; title_font=\u00bb|800|||||||\u00bb title_text_align=\u00bbright\u00bb title_font_size=\u00bb54px\u00bb title_text_shadow_style=\u00bbpreset4&#8243; title_text_shadow_vertical_length=\u00bb-0.06em\u00bb background_image=\u00bbhttps:\/\/www.finesec.org\/es\/wp-content\/uploads\/2022\/03\/MISION.jpg\u00bb parallax=\u00bbon\u00bb animation_style=\u00bbzoom\u00bb text_shadow_style=\u00bbpreset4&#8243; text_shadow_color=\u00bbrgba(17,17,17,0.4)\u00bb][\/et_pb_fullwidth_header][\/et_pb_section][et_pb_section fb_built=\u00bb1&#8243; _builder_version=\u00bb3.0.101&#8243; custom_padding=\u00bb55px|0px|26px|0px\u00bb][et_pb_row _builder_version=\u00bb3.0.101&#8243;][et_pb_column type=\u00bb4_4&#8243; _builder_version=\u00bb3.0.101&#8243; parallax=\u00bboff\u00bb parallax_method=\u00bbon\u00bb][et_pb_blurb title=\u00bbNuestra organizaci\u00f3n\u00bb _builder_version=\u00bb3.0.101&#8243; header_level=\u00bbh1&#8243; header_font=\u00bb|800|||||||\u00bb header_text_color=\u00bb#e733ea\u00bb header_line_height=\u00bb1.2em\u00bb body_font=\u00bb||||||||\u00bb body_text_align=\u00bbleft\u00bb]FINESEC fue creada mediante Acuerdo Ministerial, el 13 de Enero de 1.998. Desde entonces nuestra Organizaci\u00f3n ha [&hellip;]<\/p>\n","protected":false},"author":1,"featured_media":0,"parent":0,"menu_order":0,"comment_status":"closed","ping_status":"closed","template":"","meta":{"footnotes":""},"class_list":["post-69","page","type-page","status-publish","hentry"],"_links":{"self":[{"href":"https:\/\/www.finesec.org\/es\/wp-json\/wp\/v2\/pages\/69","targetHints":{"allow":["GET"]}}],"collection":[{"href":"https:\/\/www.finesec.org\/es\/wp-json\/wp\/v2\/pages"}],"about":[{"href":"https:\/\/www.finesec.org\/es\/wp-json\/wp\/v2\/types\/page"}],"author":[{"embeddable":true,"href":"https:\/\/www.finesec.org\/es\/wp-json\/wp\/v2\/users\/1"}],"replies":[{"embeddable":true,"href":"https:\/\/www.finesec.org\/es\/wp-json\/wp\/v2\/comments?post=69"}],"version-history":[{"count":22,"href":"https:\/\/www.finesec.org\/es\/wp-json\/wp\/v2\/pages\/69\/revisions"}],"predecessor-version":[{"id":1019,"href":"https:\/\/www.finesec.org\/es\/wp-json\/wp\/v2\/pages\/69\/revisions\/1019"}],"wp:attachment":[{"href":"https:\/\/www.finesec.org\/es\/wp-json\/wp\/v2\/media?parent=69"}],"curies":[{"name":"wp","href":"https:\/\/api.w.org\/{rel}","templated":true}]}}