{"id":1417,"date":"2026-01-28T08:29:26","date_gmt":"2026-01-28T13:29:26","guid":{"rendered":"https:\/\/www.finesec.org\/es\/?page_id=1417"},"modified":"2026-02-10T10:12:07","modified_gmt":"2026-02-10T15:12:07","slug":"montania_todos","status":"publish","type":"page","link":"https:\/\/www.finesec.org\/es\/montania_todos\/","title":{"rendered":"montania_todos"},"content":{"rendered":"<p>[et_pb_section fb_built=\u00bb1&#8243; fullwidth=\u00bbon\u00bb _builder_version=\u00bb3.0.101&#8243;][et_pb_fullwidth_header background_layout=\u00bbdark\u00bb header_fullscreen=\u00bbon\u00bb content_orientation=\u00bbbottom\u00bb _builder_version=\u00bb3.0.101&#8243; title_font=\u00bb||||||||\u00bb title_font_size=\u00bb36px\u00bb title_text_shadow_style=\u00bbpreset4&#8243; background_image=\u00bbhttps:\/\/www.finesec.org\/es\/wp-content\/uploads\/2026\/01\/banner_solo_montania-1.png\u00bb parallax=\u00bbon\u00bb text_shadow_style=\u00bbpreset4&#8243;][\/et_pb_fullwidth_header][\/et_pb_section][et_pb_section fb_built=\u00bb1&#8243; background_color=\u00bb#ffffff\u00bb _builder_version=\u00bb3.0.101&#8243; custom_padding=\u00bb54px|0px|0px|0px\u00bb top_divider_color=\u00bb#27a0f7&#8243;][et_pb_row _builder_version=\u00bb3.0.101&#8243;][et_pb_column type=\u00bb4_4&#8243; _builder_version=\u00bb3.0.101&#8243; parallax=\u00bboff\u00bb parallax_method=\u00bbon\u00bb][et_pb_text _builder_version=\u00bb3.0.101&#8243;]<center><iframe loading=\"lazy\" width=\"720\" height=\"480\" src=\"https:\/\/www.youtube.com\/embed\/AetynmI5JG8?si=Qw9Cs3DXIucX0g9L\" title=\"YouTube video player\" frameborder=\"0\" allow=\"accelerometer; autoplay; clipboard-write; encrypted-media; gyroscope; picture-in-picture; web-share\" referrerpolicy=\"strict-origin-when-cross-origin\" allowfullscreen=\"\"><\/iframe><\/center><\/p>\n<h3 style=\"text-align: center;\"><span style=\"color: #000000;\"><strong>Esteban Mena &#8211; Professional Mountain Climber \/ Mountain Guide<\/strong><\/span><\/h3>\n<p>[\/et_pb_text][\/et_pb_column][\/et_pb_row][et_pb_row _builder_version=\u00bb3.0.101&#8243;][et_pb_column type=\u00bb4_4&#8243; _builder_version=\u00bb3.0.101&#8243; parallax=\u00bboff\u00bb parallax_method=\u00bbon\u00bb][et_pb_text _builder_version=\u00bb3.0.101&#8243;]<\/p>\n<h1 style=\"text-align: center;\"><strong><\/strong><\/h1>\n<h1 style=\"text-align: center;\"><strong><\/strong><\/h1>\n<h1 style=\"text-align: center;\"><span style=\"color: #152B5C;\"><strong>MONTA\u00d1A PARA TODOS<\/strong><\/span><\/h1>\n<p>[\/et_pb_text][\/et_pb_column][\/et_pb_row][\/et_pb_section][et_pb_section fb_built=\u00bb1&#8243; _builder_version=\u00bb3.0.101&#8243; custom_padding=\u00bb0px|0px|25px|0px\u00bb][et_pb_row _builder_version=\u00bb3.0.101&#8243;][et_pb_column type=\u00bb4_4&#8243; _builder_version=\u00bb3.0.101&#8243; parallax=\u00bboff\u00bb parallax_method=\u00bbon\u00bb][et_pb_text _builder_version=\u00bb3.0.101&#8243;]<\/p>\n<p style=\"text-align: justify;\"><span style=\"color: #152b5c;\">Monta\u00f1a para Todos es un programa creado por FINESEC e inspirado en la iniciativa de la monta\u00f1ista profesional Carla P\u00e9rez. Su prop\u00f3sito es compartir la experiencia de la monta\u00f1a con personas con limitaciones de movilidad derivadas de discapacidades mentales.<\/span><br \/>\n<span style=\"color: #152b5c;\"> Explorar la monta\u00f1a junto a personas con diversas capacidades se convierte en una experiencia incre\u00edblemente enriquecedora para todos los que participan en estas excursiones.<\/span><\/p>\n<p style=\"text-align: justify;\"><span style=\"color: #152b5c;\">Gracias al patrocinio de la Fundaci\u00f3n Educativa <a href=\"https:\/\/www.bountifulstem.org\/\" target=\"_blank\" rel=\"noopener noreferrer\">Bountiful STEM<\/a>, ahora puedes hacer donaciones desde Estados Unidos para apoyar este maravilloso programa. Como organizaci\u00f3n 501(c)(3), tus contribuciones son deducibles de impuestos.<\/span><\/p>\n<h2 style=\"text-align: center;\"><span style=\"color: #ffffff;\">\u00a0<\/span><span style=\"color: #ffffff;\">\u00a0<\/span><\/h2>\n<h2 style=\"text-align: center;\"><span style=\"color: #152b5c;\"><strong>UNETE Y HAZ LA DIFERENCIA<\/strong><\/span><\/h2>\n<p><span style=\"color: #ffffff;\"><strong><\/strong><\/span>[\/et_pb_text][\/et_pb_column][\/et_pb_row][et_pb_row _builder_version=\u00bb3.0.101&#8243;][et_pb_column type=\u00bb4_4&#8243; _builder_version=\u00bb3.0.101&#8243; parallax=\u00bboff\u00bb parallax_method=\u00bbon\u00bb][et_pb_text _builder_version=\u00bb3.0.101&#8243;]<\/p>\n<p style=\"text-align: center;\"><img decoding=\"async\" src=\"https:\/\/www.finesec.org\/es\/wp-content\/uploads\/2026\/01\/Carla-Perez-final.jpg\" width=\"60%\" height=\"480\" alt=\"\" class=\"wp-image-1421 alignnone size-full\" srcset=\"https:\/\/www.finesec.org\/es\/wp-content\/uploads\/2026\/01\/Carla-Perez-final.jpg 1472w, https:\/\/www.finesec.org\/es\/wp-content\/uploads\/2026\/01\/Carla-Perez-final-300x225.jpg 300w, https:\/\/www.finesec.org\/es\/wp-content\/uploads\/2026\/01\/Carla-Perez-final-1024x768.jpg 1024w, https:\/\/www.finesec.org\/es\/wp-content\/uploads\/2026\/01\/Carla-Perez-final-768x576.jpg 768w, https:\/\/www.finesec.org\/es\/wp-content\/uploads\/2026\/01\/Carla-Perez-final-16x12.jpg 16w, https:\/\/www.finesec.org\/es\/wp-content\/uploads\/2026\/01\/Carla-Perez-final-510x382.jpg 510w, https:\/\/www.finesec.org\/es\/wp-content\/uploads\/2026\/01\/Carla-Perez-final-1080x810.jpg 1080w\" sizes=\"(max-width: 1472px) 100vw, 1472px\" \/><\/p>\n<p>[\/et_pb_text][\/et_pb_column][\/et_pb_row][\/et_pb_section][et_pb_section fb_built=\u00bb1&#8243; fullwidth=\u00bbon\u00bb _builder_version=\u00bb3.0.101&#8243; custom_padding=\u00bb0px|0px|0px|0px\u00bb][et_pb_fullwidth_header background_layout=\u00bbdark\u00bb _builder_version=\u00bb3.0.101&#8243; content_font=\u00bb||||||||\u00bb content_font_size=\u00bb16px\u00bb background_image=\u00bbhttps:\/\/www.finesec.org\/es\/wp-content\/uploads\/2025\/10\/fathers-day-2135265_1920-1.jpg\u00bb parallax=\u00bbon\u00bb]<\/p>\n<p>\u00a0<\/p>\n<p>\u00a0<\/p>\n<p>\u00a0<\/p>\n<p>\u00a0<\/p>\n<p>\u00a0<\/p>\n<p>\u00a0<\/p>\n<p>\u00a0<\/p>\n<p>\u00a0<\/p>\n<p>\u00a0<\/p>\n<p>\u00a0<\/p>\n<p>\u00a0<\/p>\n<p>\u00a0<\/p>\n<p>\u00a0<\/p>\n<p>\u00a0<\/p>\n<p>[\/et_pb_fullwidth_header][\/et_pb_section][et_pb_section fb_built=\u00bb1&#8243; _builder_version=\u00bb3.0.101&#8243; custom_padding=\u00bb140px|0px|110px|0px\u00bb bottom_divider_style=\u00bbcurve2&#8243; bottom_divider_color=\u00bb#49006d\u00bb][et_pb_row _builder_version=\u00bb3.0.101&#8243;][et_pb_column type=\u00bb4_4&#8243; _builder_version=\u00bb3.0.101&#8243; parallax=\u00bboff\u00bb parallax_method=\u00bbon\u00bb][et_pb_text _builder_version=\u00bb3.0.101&#8243;]<center><\/p>\n<p><script type=\"module\" src=\"https:\/\/donorbox.org\/widgets.js\" async=\"\"><\/script><br \/>\n<dbox-widget campaign=\"finesec-contributions\" type=\"donation_form\" enable-auto-scroll=\"true\"><\/dbox-widget><\/center>[\/et_pb_text][\/et_pb_column][\/et_pb_row][\/et_pb_section]<\/p>\n","protected":false},"excerpt":{"rendered":"<p>[et_pb_section fb_built=\u00bb1&#8243; fullwidth=\u00bbon\u00bb _builder_version=\u00bb3.0.101&#8243;][et_pb_fullwidth_header background_layout=\u00bbdark\u00bb header_fullscreen=\u00bbon\u00bb content_orientation=\u00bbbottom\u00bb _builder_version=\u00bb3.0.101&#8243; title_font=\u00bb||||||||\u00bb title_font_size=\u00bb36px\u00bb title_text_shadow_style=\u00bbpreset4&#8243; background_image=\u00bbhttps:\/\/www.finesec.org\/es\/wp-content\/uploads\/2026\/01\/banner_solo_montania-1.png\u00bb parallax=\u00bbon\u00bb text_shadow_style=\u00bbpreset4&#8243;][\/et_pb_fullwidth_header][\/et_pb_section][et_pb_section fb_built=\u00bb1&#8243; background_color=\u00bb#ffffff\u00bb _builder_version=\u00bb3.0.101&#8243; custom_padding=\u00bb54px|0px|0px|0px\u00bb top_divider_color=\u00bb#27a0f7&#8243;][et_pb_row _builder_version=\u00bb3.0.101&#8243;][et_pb_column type=\u00bb4_4&#8243; _builder_version=\u00bb3.0.101&#8243; parallax=\u00bboff\u00bb parallax_method=\u00bbon\u00bb][et_pb_text _builder_version=\u00bb3.0.101&#8243;] Esteban Mena &#8211; Professional Mountain Climber \/ Mountain Guide [\/et_pb_text][\/et_pb_column][\/et_pb_row][et_pb_row _builder_version=\u00bb3.0.101&#8243;][et_pb_column type=\u00bb4_4&#8243; _builder_version=\u00bb3.0.101&#8243; parallax=\u00bboff\u00bb parallax_method=\u00bbon\u00bb][et_pb_text _builder_version=\u00bb3.0.101&#8243;] MONTA\u00d1A PARA TODOS [\/et_pb_text][\/et_pb_column][\/et_pb_row][\/et_pb_section][et_pb_section fb_built=\u00bb1&#8243; _builder_version=\u00bb3.0.101&#8243; custom_padding=\u00bb0px|0px|25px|0px\u00bb][et_pb_row _builder_version=\u00bb3.0.101&#8243;][et_pb_column type=\u00bb4_4&#8243; _builder_version=\u00bb3.0.101&#8243; parallax=\u00bboff\u00bb parallax_method=\u00bbon\u00bb][et_pb_text _builder_version=\u00bb3.0.101&#8243;] Monta\u00f1a [&hellip;]<\/p>\n","protected":false},"author":1,"featured_media":0,"parent":0,"menu_order":0,"comment_status":"closed","ping_status":"closed","template":"","meta":{"footnotes":""},"class_list":["post-1417","page","type-page","status-publish","hentry"],"_links":{"self":[{"href":"https:\/\/www.finesec.org\/es\/wp-json\/wp\/v2\/pages\/1417","targetHints":{"allow":["GET"]}}],"collection":[{"href":"https:\/\/www.finesec.org\/es\/wp-json\/wp\/v2\/pages"}],"about":[{"href":"https:\/\/www.finesec.org\/es\/wp-json\/wp\/v2\/types\/page"}],"author":[{"embeddable":true,"href":"https:\/\/www.finesec.org\/es\/wp-json\/wp\/v2\/users\/1"}],"replies":[{"embeddable":true,"href":"https:\/\/www.finesec.org\/es\/wp-json\/wp\/v2\/comments?post=1417"}],"version-history":[{"count":16,"href":"https:\/\/www.finesec.org\/es\/wp-json\/wp\/v2\/pages\/1417\/revisions"}],"predecessor-version":[{"id":1456,"href":"https:\/\/www.finesec.org\/es\/wp-json\/wp\/v2\/pages\/1417\/revisions\/1456"}],"wp:attachment":[{"href":"https:\/\/www.finesec.org\/es\/wp-json\/wp\/v2\/media?parent=1417"}],"curies":[{"name":"wp","href":"https:\/\/api.w.org\/{rel}","templated":true}]}}