{"id":1195,"date":"2025-07-01T20:14:04","date_gmt":"2025-07-02T01:14:04","guid":{"rendered":"https:\/\/www.finesec.org\/es\/?page_id=1195"},"modified":"2025-10-19T19:31:11","modified_gmt":"2025-10-20T00:31:11","slug":"noticias","status":"publish","type":"page","link":"https:\/\/www.finesec.org\/es\/noticias\/","title":{"rendered":"Noticias"},"content":{"rendered":"<p>[et_pb_section fb_built=\u00bb1&#8243; fullwidth=\u00bbon\u00bb _builder_version=\u00bb3.0.101&#8243;][et_pb_fullwidth_header title=\u00bbNoticias\u00bb background_layout=\u00bbdark\u00bb text_orientation=\u00bbright\u00bb header_fullscreen=\u00bbon\u00bb content_orientation=\u00bbbottom\u00bb _builder_version=\u00bb3.0.101&#8243; title_font=\u00bb|700|||||||\u00bb title_font_size=\u00bb38px\u00bb title_text_shadow_style=\u00bbpreset2&#8243; title_text_shadow_color=\u00bbrgba(15,15,15,0.4)\u00bb background_image=\u00bbhttps:\/\/www.finesec.org\/es\/wp-content\/uploads\/2025\/07\/Red-Bold-News-Youtube-Thumbnail-1.png\u00bb parallax=\u00bbon\u00bb animation_style=\u00bbzoom\u00bb text_shadow_style=\u00bbpreset1&#8243; text_shadow_vertical_length=\u00bb0.81em\u00bb text_shadow_blur_strength=\u00bb0.64em\u00bb text_shadow_color=\u00bbrgba(15,15,15,0.4)\u00bb][\/et_pb_fullwidth_header][\/et_pb_section][et_pb_section fb_built=\u00bb1&#8243; _builder_version=\u00bb3.0.101&#8243; custom_padding=\u00bb0px|0px|54px|0px\u00bb top_divider_style=\u00bbramp2&#8243; top_divider_color=\u00bb#152B5C\u00bb][et_pb_row _builder_version=\u00bb3.0.101&#8243; custom_padding=\u00bb24px|0px|25px|0px\u00bb][et_pb_column type=\u00bb4_4&#8243; _builder_version=\u00bb3.0.101&#8243; parallax=\u00bboff\u00bb parallax_method=\u00bbon\u00bb][et_pb_text _builder_version=\u00bb3.0.101&#8243;]<\/p>\n<p data-start=\"35\" data-end=\"357\" style=\"text-align: justify;\"><span style=\"color: #000000;\"><\/span><\/p>\n<p data-start=\"35\" data-end=\"357\" style=\"text-align: justify;\"><span style=\"color: #000000;\"><\/span><\/p>\n<p data-start=\"35\" data-end=\"357\" style=\"text-align: justify;\"><span style=\"color: #000000;\"><\/span><\/p>\n<p data-start=\"35\" data-end=\"357\" style=\"text-align: justify;\"><span style=\"color: #000000;\"><\/span><\/p>\n<p data-start=\"359\" data-end=\"646\" data-is-last-node=\"\" data-is-only-node=\"\" style=\"text-align: justify;\">\n[\/et_pb_text][\/et_pb_column][\/et_pb_row][et_pb_row _builder_version=\u00bb3.0.101&#8243; custom_padding=\u00bb0px|0px|25px|0px\u00bb][et_pb_column type=\u00bb4_4&#8243; _builder_version=\u00bb3.0.101&#8243; parallax=\u00bboff\u00bb parallax_method=\u00bbon\u00bb][et_pb_text _builder_version=\u00bb3.0.101&#8243;]<\/p>\n<p data-start=\"35\" data-end=\"357\" style=\"text-align: justify;\"><span style=\"color: #000000;\"><\/span><\/p>\n<p data-start=\"35\" data-end=\"357\" style=\"text-align: justify;\"><span style=\"color: #000000;\"><\/span><\/p>\n<p data-start=\"35\" data-end=\"357\" style=\"text-align: justify;\"><span style=\"color: #000000;\"><\/span><\/p>\n<p data-start=\"35\" data-end=\"357\" style=\"text-align: justify;\"><span style=\"color: #000000;\">El pasado 17 de octubre, los usuarios del Centro Diurno FINESEC participaron en el Festival <strong data-start=\"127\" data-end=\"167\">\u201cSin Barreras: El Arte para Incluir\u201d<\/strong>, organizado por el Ministerio de Desarrollo Humano. Presentaron una muestra del taller de cer\u00e1mica y una emotiva presentaci\u00f3n de baile del grupo <strong data-start=\"313\" data-end=\"330\">\u201cIntegraci\u00f3n\u201d<\/strong>, que encant\u00f3 al p\u00fablico.<\/span><\/p>\n<p data-start=\"359\" data-end=\"646\" data-is-last-node=\"\" data-is-only-node=\"\" style=\"text-align: justify;\"><span style=\"color: #000000;\">El ministro <strong data-start=\"371\" data-end=\"389\">Harold Burbano<\/strong> felicit\u00f3 a los participantes y comparti\u00f3 el baile con ellos, resaltando el valor del arte como herramienta de inclusi\u00f3n. FINESEC agradece al Ministerio por fomentar espacios que promueven la empat\u00eda, la creatividad y la participaci\u00f3n de todas las personas.<\/span><\/p>\n<p>[\/et_pb_text][\/et_pb_column][\/et_pb_row][et_pb_row _builder_version=\u00bb3.0.101&#8243;][et_pb_column type=\u00bb4_4&#8243; _builder_version=\u00bb3.0.101&#8243; parallax=\u00bboff\u00bb parallax_method=\u00bbon\u00bb][et_pb_gallery gallery_ids=\u00bb1369,1370,1371,1374,1375,1376&#8243; gallery_orderby=\u00bbrand\u00bb gallery_captions=\u00bb,,,,,\u00bb _builder_version=\u00bb3.0.101&#8243; fullwidth=\u00bbon\u00bb][\/et_pb_gallery][\/et_pb_column][\/et_pb_row][et_pb_row _builder_version=\u00bb3.0.101&#8243;][et_pb_column type=\u00bb4_4&#8243; _builder_version=\u00bb3.0.101&#8243; parallax=\u00bboff\u00bb parallax_method=\u00bbon\u00bb][et_pb_text _builder_version=\u00bb3.0.101&#8243;]<\/p>\n<h1 style=\"text-align: right;\"><strong><a href=\"https:\/\/www.facebook.com\/share\/p\/1MbQMCoSiP\/\" target=\"_blank\" rel=\"noopener noreferrer\">Ver en Facebook<\/a><\/strong><\/h1>\n<p>[\/et_pb_text][\/et_pb_column][\/et_pb_row][et_pb_row custom_padding=\u00bb121px|0px|24px|0px\u00bb _builder_version=\u00bb3.0.101&#8243;][et_pb_column type=\u00bb4_4&#8243; _builder_version=\u00bb3.0.101&#8243; parallax=\u00bboff\u00bb parallax_method=\u00bbon\u00bb][et_pb_blog fullwidth=\u00bboff\u00bb posts_number=\u00bb9&#8243; include_categories=\u00bb7&#8243; show_more=\u00bbon\u00bb show_author=\u00bboff\u00bb offset_number=\u00bb0&#8243; use_overlay=\u00bbon\u00bb hover_icon=\u00bb%%52%%\u00bb _builder_version=\u00bb3.0.101&#8243;][\/et_pb_blog][\/et_pb_column][\/et_pb_row][\/et_pb_section]<\/p>\n","protected":false},"excerpt":{"rendered":"<p>[et_pb_section fb_built=\u00bb1&#8243; fullwidth=\u00bbon\u00bb _builder_version=\u00bb3.0.101&#8243;][et_pb_fullwidth_header title=\u00bbNoticias\u00bb background_layout=\u00bbdark\u00bb text_orientation=\u00bbright\u00bb header_fullscreen=\u00bbon\u00bb content_orientation=\u00bbbottom\u00bb _builder_version=\u00bb3.0.101&#8243; title_font=\u00bb|700|||||||\u00bb title_font_size=\u00bb38px\u00bb title_text_shadow_style=\u00bbpreset2&#8243; title_text_shadow_color=\u00bbrgba(15,15,15,0.4)\u00bb background_image=\u00bbhttps:\/\/www.finesec.org\/es\/wp-content\/uploads\/2025\/07\/Red-Bold-News-Youtube-Thumbnail-1.png\u00bb parallax=\u00bbon\u00bb animation_style=\u00bbzoom\u00bb text_shadow_style=\u00bbpreset1&#8243; text_shadow_vertical_length=\u00bb0.81em\u00bb text_shadow_blur_strength=\u00bb0.64em\u00bb text_shadow_color=\u00bbrgba(15,15,15,0.4)\u00bb][\/et_pb_fullwidth_header][\/et_pb_section][et_pb_section fb_built=\u00bb1&#8243; _builder_version=\u00bb3.0.101&#8243; custom_padding=\u00bb0px|0px|54px|0px\u00bb top_divider_style=\u00bbramp2&#8243; top_divider_color=\u00bb#152B5C\u00bb][et_pb_row _builder_version=\u00bb3.0.101&#8243; custom_padding=\u00bb24px|0px|25px|0px\u00bb][et_pb_column type=\u00bb4_4&#8243; _builder_version=\u00bb3.0.101&#8243; parallax=\u00bboff\u00bb parallax_method=\u00bbon\u00bb][et_pb_text _builder_version=\u00bb3.0.101&#8243;] [\/et_pb_text][\/et_pb_column][\/et_pb_row][et_pb_row _builder_version=\u00bb3.0.101&#8243; custom_padding=\u00bb0px|0px|25px|0px\u00bb][et_pb_column type=\u00bb4_4&#8243; _builder_version=\u00bb3.0.101&#8243; parallax=\u00bboff\u00bb parallax_method=\u00bbon\u00bb][et_pb_text _builder_version=\u00bb3.0.101&#8243;] El pasado 17 de octubre, los usuarios del Centro Diurno FINESEC participaron en el [&hellip;]<\/p>\n","protected":false},"author":1,"featured_media":0,"parent":0,"menu_order":0,"comment_status":"closed","ping_status":"closed","template":"","meta":{"footnotes":""},"class_list":["post-1195","page","type-page","status-publish","hentry"],"_links":{"self":[{"href":"https:\/\/www.finesec.org\/es\/wp-json\/wp\/v2\/pages\/1195","targetHints":{"allow":["GET"]}}],"collection":[{"href":"https:\/\/www.finesec.org\/es\/wp-json\/wp\/v2\/pages"}],"about":[{"href":"https:\/\/www.finesec.org\/es\/wp-json\/wp\/v2\/types\/page"}],"author":[{"embeddable":true,"href":"https:\/\/www.finesec.org\/es\/wp-json\/wp\/v2\/users\/1"}],"replies":[{"embeddable":true,"href":"https:\/\/www.finesec.org\/es\/wp-json\/wp\/v2\/comments?post=1195"}],"version-history":[{"count":9,"href":"https:\/\/www.finesec.org\/es\/wp-json\/wp\/v2\/pages\/1195\/revisions"}],"predecessor-version":[{"id":1379,"href":"https:\/\/www.finesec.org\/es\/wp-json\/wp\/v2\/pages\/1195\/revisions\/1379"}],"wp:attachment":[{"href":"https:\/\/www.finesec.org\/es\/wp-json\/wp\/v2\/media?parent=1195"}],"curies":[{"name":"wp","href":"https:\/\/api.w.org\/{rel}","templated":true}]}}