{"id":69,"date":"2022-02-14T15:57:11","date_gmt":"2022-02-14T20:57:11","guid":{"rendered":"https:\/\/www.finesec.org\/es\/?page_id=69"},"modified":"2024-07-09T09:53:24","modified_gmt":"2024-07-09T14:53:24","slug":"mision-vision","status":"publish","type":"page","link":"https:\/\/www.finesec.org\/es\/en\/mision-vision\/","title":{"rendered":"Mission, Vision"},"content":{"rendered":"<p>[et_pb_section fb_built=\u00bb1&#8243; fullwidth=\u00bbon\u00bb _builder_version=\u00bb3.0.101&#8243; custom_padding=\u00bb0px|0px|2px|0px\u00bb][et_pb_fullwidth_header title=\u00bbMisi\u00f3n y Visi\u00f3n\u00bb background_layout=\u00bbdark\u00bb header_fullscreen=\u00bbon\u00bb content_orientation=\u00bbbottom\u00bb _builder_version=\u00bb3.0.101&#8243; title_font=\u00bb|800|||||||\u00bb title_text_align=\u00bbright\u00bb title_font_size=\u00bb54px\u00bb title_text_shadow_style=\u00bbpreset4&#8243; title_text_shadow_vertical_length=\u00bb-0.06em\u00bb background_image=\u00bbhttps:\/\/www.finesec.org\/es\/wp-content\/uploads\/2022\/03\/MISION.jpg\u00bb parallax=\u00bbon\u00bb animation_style=\u00bbzoom\u00bb text_shadow_style=\u00bbpreset4&#8243; text_shadow_color=\u00bbrgba(17,17,17,0.4)\u00bb][\/et_pb_fullwidth_header][\/et_pb_section][et_pb_section fb_built=\u00bb1&#8243; _builder_version=\u00bb3.0.101&#8243; custom_padding=\u00bb55px|0px|26px|0px\u00bb][et_pb_row _builder_version=\u00bb3.0.101&#8243;][et_pb_column type=\u00bb4_4&#8243; _builder_version=\u00bb3.0.101&#8243; parallax=\u00bboff\u00bb parallax_method=\u00bbon\u00bb][et_pb_blurb title=\u00bbNuestra organizaci\u00f3n\u00bb _builder_version=\u00bb3.0.101&#8243; header_level=\u00bbh1&#8243; header_font=\u00bb|800|||||||\u00bb header_text_color=\u00bb#e733ea\u00bb header_line_height=\u00bb1.2em\u00bb body_font=\u00bb||||||||\u00bb body_text_align=\u00bbleft\u00bb]FINESEC fue creada mediante Acuerdo Ministerial, el 13 de Enero de 1.998. Desde entonces nuestra Organizaci\u00f3n ha agrupado a profesionales, t\u00e9cnicos, padres de familia y voluntarios para cumplir su misi\u00f3n.[\/et_pb_blurb][\/et_pb_column][\/et_pb_row][\/et_pb_section][et_pb_section fb_built=\u00bb1&#8243; _builder_version=\u00bb3.0.101&#8243; custom_padding=\u00bb0px|0px|0px|0px\u00bb][et_pb_row custom_padding=\u00bb59px|0px|90px|0px\u00bb background_color=\u00bb#0c71c3&#8243; _builder_version=\u00bb3.0.101&#8243;][et_pb_column type=\u00bb1_3&#8243; _builder_version=\u00bb3.0.101&#8243; parallax=\u00bboff\u00bb parallax_method=\u00bbon\u00bb][et_pb_text background_layout=\u00bbdark\u00bb _builder_version=\u00bb3.0.101&#8243; text_font=\u00bb|700|||||||\u00bb text_font_size=\u00bb42px\u00bb text_text_color=\u00bb#0064640&#8243; text_orientation=\u00bbcenter\u00bb]<\/p>\n<p>MISSION<\/p>\n<p>[\/et_pb_text][\/et_pb_column][et_pb_column type=\u00bb2_3&#8243; _builder_version=\u00bb3.0.101&#8243; parallax=\u00bboff\u00bb parallax_method=\u00bbon\u00bb][et_pb_text background_layout=\u00bbdark\u00bb _builder_version=\u00bb3.0.101&#8243; text_font=\u00bb||||||||\u00bb]<\/p>\n<p>The FINESEC Foundation is a non-profit organization whose mission is to provide the necessary support so that people with intellectual disabilities and their families can enjoy a quality of life under conditions of equal opportunity with the rest of the citizens.<\/p>\n<p>[\/et_pb_text][\/et_pb_column][\/et_pb_row][\/et_pb_section][et_pb_section fb_built=\u00bb1&#8243; _builder_version=\u00bb3.0.101&#8243; custom_padding=\u00bb0px|0px|3px|0px\u00bb][et_pb_row custom_padding=\u00bb70px|0px|24px|0px\u00bb background_color=\u00bb#f229e1&#8243; _builder_version=\u00bb3.0.101&#8243;][et_pb_column type=\u00bb2_3&#8243; _builder_version=\u00bb3.0.101&#8243; parallax=\u00bboff\u00bb parallax_method=\u00bbon\u00bb][et_pb_text background_layout=\u00bbdark\u00bb _builder_version=\u00bb3.0.101&#8243; text_font=\u00bb||||||||\u00bb]<\/p>\n<p style=\"text-align: center;\">We are an innovative organization that improves every day and builds trust in people with disabilities with intense and pervasive support needs, in their families, in professionals and in society.<\/p>\n<p>\u00a0<\/p>\n<p>[\/et_pb_text][\/et_pb_column][et_pb_column type=\u00bb1_3&#8243; _builder_version=\u00bb3.0.101&#8243; parallax=\u00bboff\u00bb parallax_method=\u00bbon\u00bb][et_pb_text background_layout=\u00bbdark\u00bb _builder_version=\u00bb3.0.101&#8243; text_font=\u00bb|700|||||||\u00bb text_font_size=\u00bb47px\u00bb ul_font=\u00bb||||||||\u00bb ol_font=\u00bb||||||||\u00bb text_orientation=\u00bbcenter\u00bb]<\/p>\n<p>VISION<\/p>\n<p>[\/et_pb_text][\/et_pb_column][\/et_pb_row][et_pb_row _builder_version=\u00bb3.0.101&#8243;][et_pb_column type=\u00bb4_4&#8243; _builder_version=\u00bb3.0.101&#8243; parallax=\u00bboff\u00bb parallax_method=\u00bbon\u00bb][et_pb_text _builder_version=\u00bb3.0.101&#8243; text_font=\u00bb||||||||\u00bb text_font_size=\u00bb35px\u00bb text_text_color=\u00bb#f74c5a\u00bb]<\/p>\n<p style=\"text-align: center;\"><strong>PRINCIPLES AND VALUES<\/strong><\/p>\n<p>[\/et_pb_text][\/et_pb_column][\/et_pb_row][\/et_pb_section][et_pb_section fb_built=\u00bb1&#8243; _builder_version=\u00bb3.0.101&#8243; custom_padding=\u00bb0px|0px|0px|0px\u00bb bottom_divider_color=\u00bb#161616&#8243;][et_pb_row custom_padding=\u00bb27px|0px|0px|0px\u00bb _builder_version=\u00bb3.0.101&#8243;][et_pb_column type=\u00bb4_4&#8243; _builder_version=\u00bb3.0.101&#8243; parallax=\u00bboff\u00bb parallax_method=\u00bbon\u00bb][et_pb_text _builder_version=\u00bb3.0.101&#8243;]<\/p>\n<ul>\n<li><strong>HIGHLIGHT<\/strong> Human dignity and its positive values \u200b\u200bover its limitations, beyond all circumstances<\/li>\n<li style=\"text-align: justify;\"><strong>RESPECT AND ENSURE RESPECT FOR THE RIGHTS AND OBLIGATIONS STATED<\/strong> in the declaration of the rights of persons with disabilities, within the framework of the defense of human rights.<\/li>\n<li style=\"text-align: justify;\"><strong>PROMOTE<\/strong> the comprehensive training of the person with a disability through the development of all their functional adaptive skills.<\/li>\n<li style=\"text-align: justify;\"><strong>PROPITIATE <\/strong>the participation of the family, who will share the commitment to the actions proposed in each user's intervention plan<\/li>\n<li style=\"text-align: justify;\"><strong>PROMOTE <\/strong>and to support strategies for the participation of people with disabilities in all social environments.<\/li>\n<li style=\"text-align: justify;\"><strong>WORK<\/strong> to strengthen beliefs, values \u200b\u200band principles that encourage people with disabilities to live in equality.<\/li>\n<\/ul>\n<p>[\/et_pb_text][\/et_pb_column][\/et_pb_row][\/et_pb_section][et_pb_section fb_built=\u00bb1&#8243; _builder_version=\u00bb3.0.101&#8243; custom_padding=\u00bb54px|0px|0px|0px\u00bb][et_pb_row custom_padding=\u00bb27px|0px|0px|0px\u00bb _builder_version=\u00bb3.0.101&#8243;][et_pb_column type=\u00bb4_4&#8243; _builder_version=\u00bb3.0.101&#8243; parallax=\u00bboff\u00bb parallax_method=\u00bbon\u00bb][et_pb_text _builder_version=\u00bb3.0.101&#8243;]<\/p>\n<h1 style=\"text-align: center;\"><strong>Our Infrastructure<\/strong><\/h1>\n<p>[\/et_pb_text][\/et_pb_column][\/et_pb_row][\/et_pb_section][et_pb_section fb_built=\u00bb1&#8243; _builder_version=\u00bb3.0.101&#8243;][et_pb_row _builder_version=\u00bb3.0.101&#8243;][et_pb_column type=\u00bb4_4&#8243; _builder_version=\u00bb3.0.101&#8243; parallax=\u00bboff\u00bb parallax_method=\u00bbon\u00bb][et_pb_gallery gallery_ids=\u00bb870,871,872,873,874,875,876&#8243; gallery_captions=\u00bb,,,,,,\u00bb fullwidth=\u00bbon\u00bb _builder_version=\u00bb3.0.101&#8243; animation_style=\u00bbfade\u00bb auto=\u00bbon\u00bb][\/et_pb_gallery][\/et_pb_column][\/et_pb_row][\/et_pb_section][et_pb_section fb_built=\u00bb1&#8243; _builder_version=\u00bb3.0.101&#8243;][\/et_pb_section][et_pb_section fb_built=\u00bb1&#8243; _builder_version=\u00bb3.0.101&#8243; bottom_divider_style=\u00bbcurve2&#8243; bottom_divider_color=\u00bb#49006d\u00bb][\/et_pb_section]<\/p>","protected":false},"excerpt":{"rendered":"<p>[et_pb_section fb_built=\u00bb1&#8243; fullwidth=\u00bbon\u00bb _builder_version=\u00bb3.0.101&#8243; custom_padding=\u00bb0px|0px|2px|0px\u00bb][et_pb_fullwidth_header title=\u00bbMisi\u00f3n y Visi\u00f3n\u00bb background_layout=\u00bbdark\u00bb header_fullscreen=\u00bbon\u00bb content_orientation=\u00bbbottom\u00bb _builder_version=\u00bb3.0.101&#8243; title_font=\u00bb|800|||||||\u00bb title_text_align=\u00bbright\u00bb title_font_size=\u00bb54px\u00bb title_text_shadow_style=\u00bbpreset4&#8243; title_text_shadow_vertical_length=\u00bb-0.06em\u00bb background_image=\u00bbhttps:\/\/www.finesec.org\/es\/wp-content\/uploads\/2022\/03\/MISION.jpg\u00bb parallax=\u00bbon\u00bb animation_style=\u00bbzoom\u00bb text_shadow_style=\u00bbpreset4&#8243; text_shadow_color=\u00bbrgba(17,17,17,0.4)\u00bb][\/et_pb_fullwidth_header][\/et_pb_section][et_pb_section fb_built=\u00bb1&#8243; _builder_version=\u00bb3.0.101&#8243; custom_padding=\u00bb55px|0px|26px|0px\u00bb][et_pb_row _builder_version=\u00bb3.0.101&#8243;][et_pb_column type=\u00bb4_4&#8243; _builder_version=\u00bb3.0.101&#8243; parallax=\u00bboff\u00bb parallax_method=\u00bbon\u00bb][et_pb_blurb title=\u00bbNuestra organizaci\u00f3n\u00bb _builder_version=\u00bb3.0.101&#8243; header_level=\u00bbh1&#8243; header_font=\u00bb|800|||||||\u00bb header_text_color=\u00bb#e733ea\u00bb header_line_height=\u00bb1.2em\u00bb body_font=\u00bb||||||||\u00bb body_text_align=\u00bbleft\u00bb]FINESEC fue creada mediante Acuerdo Ministerial, el 13 de Enero de 1.998. Desde entonces nuestra Organizaci\u00f3n ha [&hellip;]<\/p>","protected":false},"author":1,"featured_media":0,"parent":0,"menu_order":0,"comment_status":"closed","ping_status":"closed","template":"","meta":{"footnotes":""},"class_list":["post-69","page","type-page","status-publish","hentry"],"_links":{"self":[{"href":"https:\/\/www.finesec.org\/es\/en\/wp-json\/wp\/v2\/pages\/69","targetHints":{"allow":["GET"]}}],"collection":[{"href":"https:\/\/www.finesec.org\/es\/en\/wp-json\/wp\/v2\/pages"}],"about":[{"href":"https:\/\/www.finesec.org\/es\/en\/wp-json\/wp\/v2\/types\/page"}],"author":[{"embeddable":true,"href":"https:\/\/www.finesec.org\/es\/en\/wp-json\/wp\/v2\/users\/1"}],"replies":[{"embeddable":true,"href":"https:\/\/www.finesec.org\/es\/en\/wp-json\/wp\/v2\/comments?post=69"}],"version-history":[{"count":22,"href":"https:\/\/www.finesec.org\/es\/en\/wp-json\/wp\/v2\/pages\/69\/revisions"}],"predecessor-version":[{"id":1019,"href":"https:\/\/www.finesec.org\/es\/en\/wp-json\/wp\/v2\/pages\/69\/revisions\/1019"}],"wp:attachment":[{"href":"https:\/\/www.finesec.org\/es\/en\/wp-json\/wp\/v2\/media?parent=69"}],"curies":[{"name":"wp","href":"https:\/\/api.w.org\/{rel}","templated":true}]}}